{"id":107,"date":"2024-05-20T15:35:58","date_gmt":"2024-05-20T15:35:58","guid":{"rendered":"https:\/\/atelier-paradis.fr\/?page_id=107"},"modified":"2024-11-30T15:03:20","modified_gmt":"2024-11-30T15:03:20","slug":"nos-creations","status":"publish","type":"page","link":"https:\/\/atelier-paradis.fr\/index.php\/nos-creations\/","title":{"rendered":"Nos cr\u00e9ations"},"content":{"rendered":"\n<div class=\"wp-block-group alignfull has-accent-background-color has-background has-global-padding is-layout-constrained wp-block-group-is-layout-constrained\" style=\"margin-top:0;margin-bottom:0;padding-top:var(--wp--preset--spacing--50);padding-right:var(--wp--preset--spacing--50);padding-bottom:var(--wp--preset--spacing--50);padding-left:var(--wp--preset--spacing--50)\">\n<div class=\"wp-block-columns alignwide is-layout-flex wp-container-core-columns-is-layout-1 wp-block-columns-is-layout-flex\">\n<div class=\"wp-block-column is-vertically-aligned-stretch is-layout-flow wp-block-column-is-layout-flow\" style=\"flex-basis:50%\">\n<div class=\"wp-block-group is-vertical is-content-justification-stretch is-layout-flex wp-container-core-group-is-layout-2 wp-block-group-is-layout-flex\" style=\"min-height:100%\">\n<p class=\"has-heading-font-family has-x-large-font-size\" style=\"line-height:1.2\">Upcycling<\/p>\n\n\n\n<blockquote class=\"wp-block-quote is-layout-flow wp-block-quote-is-layout-flow\">\n<p>Du 100% recyclage pour cette petite table de chevet.<\/p>\n<\/blockquote>\n\n\n\n<p>R\u00e9alisation en bois de palette<\/p>\n\n\n\n<p>Bois brut et couleur pop.<\/p>\n\n\n\n<p>Design original de l&rsquo;Atelier Paradis &#8211; 2024<\/p>\n\n\n\n<div class=\"wp-block-group has-global-padding is-content-justification-left is-layout-constrained wp-container-core-group-is-layout-1 wp-block-group-is-layout-constrained\"><\/div>\n<\/div>\n<\/div>\n\n\n\n<div class=\"wp-block-column is-vertically-aligned-center is-layout-flow wp-block-column-is-layout-flow\" style=\"flex-basis:50%\">\n<figure class=\"wp-block-image size-large\"><img loading=\"lazy\" decoding=\"async\" width=\"1024\" height=\"1024\" src=\"https:\/\/atelier-paradis.fr\/wp-content\/uploads\/2024\/05\/chevet-palette-1024x1024.jpg\" alt=\"\" class=\"wp-image-94\" srcset=\"https:\/\/atelier-paradis.fr\/wp-content\/uploads\/2024\/05\/chevet-palette-1024x1024.jpg 1024w, https:\/\/atelier-paradis.fr\/wp-content\/uploads\/2024\/05\/chevet-palette-300x300.jpg 300w, https:\/\/atelier-paradis.fr\/wp-content\/uploads\/2024\/05\/chevet-palette-150x150.jpg 150w, https:\/\/atelier-paradis.fr\/wp-content\/uploads\/2024\/05\/chevet-palette-768x768.jpg 768w, https:\/\/atelier-paradis.fr\/wp-content\/uploads\/2024\/05\/chevet-palette-1536x1536.jpg 1536w, https:\/\/atelier-paradis.fr\/wp-content\/uploads\/2024\/05\/chevet-palette-2048x2048.jpg 2048w\" sizes=\"(max-width: 1024px) 100vw, 1024px\" \/><\/figure>\n<\/div>\n<\/div>\n<\/div>\n\n\n\n<div class=\"wp-block-group alignfull has-base-background-color has-background has-global-padding is-layout-constrained wp-block-group-is-layout-constrained\" style=\"margin-top:0;margin-bottom:0;padding-top:var(--wp--preset--spacing--50);padding-right:var(--wp--preset--spacing--50);padding-bottom:var(--wp--preset--spacing--50);padding-left:var(--wp--preset--spacing--50)\">\n<div class=\"wp-block-columns alignwide is-layout-flex wp-container-core-columns-is-layout-2 wp-block-columns-is-layout-flex\">\n<div class=\"wp-block-column has-global-padding is-content-justification-left is-layout-constrained wp-container-core-column-is-layout-3 wp-block-column-is-layout-constrained\" style=\"flex-basis:40%\">\n<h2 class=\"wp-block-heading\">          <em> <\/em><\/h2>\n<\/div>\n\n\n\n<div class=\"wp-block-column is-layout-flow wp-container-core-column-is-layout-4 wp-block-column-is-layout-flow\" style=\"flex-basis:60%\"><\/div>\n<\/div>\n<\/div>\n\n\n\n<div class=\"wp-block-group alignfull has-accent-5-background-color has-background has-global-padding is-layout-constrained wp-block-group-is-layout-constrained\" style=\"margin-top:0;margin-bottom:0;padding-top:var(--wp--preset--spacing--50);padding-right:var(--wp--preset--spacing--50);padding-bottom:var(--wp--preset--spacing--50);padding-left:var(--wp--preset--spacing--50)\">\n<div class=\"wp-block-columns alignwide is-layout-flex wp-container-core-columns-is-layout-3 wp-block-columns-is-layout-flex\">\n<div class=\"wp-block-column is-vertically-aligned-stretch is-layout-flow wp-block-column-is-layout-flow\" style=\"flex-basis:50%\">\n<div class=\"wp-block-group is-vertical is-content-justification-stretch is-layout-flex wp-container-core-group-is-layout-6 wp-block-group-is-layout-flex\" style=\"min-height:100%\">\n<p class=\"has-heading-font-family has-x-large-font-size\" style=\"line-height:1.2\">Pose <\/p>\n\n\n\n<blockquote class=\"wp-block-quote is-layout-flow wp-block-quote-is-layout-flow\">\n<p>Pose de mobilier<\/p>\n\n\n\n<p> sur mesure<\/p>\n<\/blockquote>\n\n\n\n<p>l&rsquo;Atelier Paradis &#8211; 2024<\/p>\n\n\n\n<div class=\"wp-block-group is-nowrap is-layout-flex wp-container-core-group-is-layout-5 wp-block-group-is-layout-flex\">\n<p>Design Int\u00e9rieur &amp; Design Mobilier sur Lyon SYLUMINE<\/p>\n<\/div>\n<\/div>\n<\/div>\n\n\n\n<div class=\"wp-block-column is-vertically-aligned-center is-layout-flow wp-block-column-is-layout-flow\" style=\"flex-basis:50%\">\n<figure class=\"wp-block-image size-large\"><img loading=\"lazy\" decoding=\"async\" width=\"1024\" height=\"1024\" src=\"https:\/\/atelier-paradis.fr\/wp-content\/uploads\/2024\/06\/WhatsApp-Image-2024-06-24-a-19.24.34_4456b549-1024x1024.jpg\" alt=\"\" class=\"wp-image-144\" srcset=\"https:\/\/atelier-paradis.fr\/wp-content\/uploads\/2024\/06\/WhatsApp-Image-2024-06-24-a-19.24.34_4456b549-1024x1024.jpg 1024w, https:\/\/atelier-paradis.fr\/wp-content\/uploads\/2024\/06\/WhatsApp-Image-2024-06-24-a-19.24.34_4456b549-300x300.jpg 300w, https:\/\/atelier-paradis.fr\/wp-content\/uploads\/2024\/06\/WhatsApp-Image-2024-06-24-a-19.24.34_4456b549-150x150.jpg 150w, https:\/\/atelier-paradis.fr\/wp-content\/uploads\/2024\/06\/WhatsApp-Image-2024-06-24-a-19.24.34_4456b549-768x768.jpg 768w, https:\/\/atelier-paradis.fr\/wp-content\/uploads\/2024\/06\/WhatsApp-Image-2024-06-24-a-19.24.34_4456b549-1536x1536.jpg 1536w, https:\/\/atelier-paradis.fr\/wp-content\/uploads\/2024\/06\/WhatsApp-Image-2024-06-24-a-19.24.34_4456b549.jpg 1600w\" sizes=\"(max-width: 1024px) 100vw, 1024px\" \/><\/figure>\n<\/div>\n<\/div>\n<\/div>\n\n\n\n<div class=\"wp-block-group alignfull has-base-background-color has-background has-global-padding is-layout-constrained wp-block-group-is-layout-constrained\" style=\"margin-top:0;margin-bottom:0;padding-top:var(--wp--preset--spacing--50);padding-right:var(--wp--preset--spacing--50);padding-bottom:var(--wp--preset--spacing--50);padding-left:var(--wp--preset--spacing--50)\">\n<div class=\"wp-block-columns alignwide is-layout-flex wp-container-core-columns-is-layout-4 wp-block-columns-is-layout-flex\">\n<div class=\"wp-block-column has-global-padding is-content-justification-left is-layout-constrained wp-container-core-column-is-layout-7 wp-block-column-is-layout-constrained\" style=\"flex-basis:40%\">\n<h2 class=\"wp-block-heading\">          <em> <\/em><\/h2>\n<\/div>\n\n\n\n<div class=\"wp-block-column is-layout-flow wp-container-core-column-is-layout-8 wp-block-column-is-layout-flow\" style=\"flex-basis:60%\"><\/div>\n<\/div>\n<\/div>\n\n\n\n<div class=\"wp-block-group alignfull has-accent-background-color has-background has-global-padding is-layout-constrained wp-block-group-is-layout-constrained\" style=\"margin-top:0;margin-bottom:0;padding-top:var(--wp--preset--spacing--50);padding-right:var(--wp--preset--spacing--50);padding-bottom:var(--wp--preset--spacing--50);padding-left:var(--wp--preset--spacing--50)\">\n<div class=\"wp-block-group alignfull has-accent-background-color has-background has-global-padding is-layout-constrained wp-block-group-is-layout-constrained\" style=\"margin-top:0;margin-bottom:0;padding-top:var(--wp--preset--spacing--50);padding-right:var(--wp--preset--spacing--50);padding-bottom:var(--wp--preset--spacing--50);padding-left:var(--wp--preset--spacing--50)\">\n<div class=\"wp-block-columns alignwide is-layout-flex wp-container-core-columns-is-layout-5 wp-block-columns-is-layout-flex\">\n<div class=\"wp-block-column is-vertically-aligned-center is-layout-flow wp-block-column-is-layout-flow\" style=\"flex-basis:60%\">\n<figure class=\"wp-block-image size-large\"><img loading=\"lazy\" decoding=\"async\" width=\"1024\" height=\"1024\" src=\"https:\/\/atelier-paradis.fr\/wp-content\/uploads\/2024\/05\/bureau-1024x1024.jpg\" alt=\"\" class=\"wp-image-48\" srcset=\"https:\/\/atelier-paradis.fr\/wp-content\/uploads\/2024\/05\/bureau-1024x1024.jpg 1024w, https:\/\/atelier-paradis.fr\/wp-content\/uploads\/2024\/05\/bureau-300x300.jpg 300w, https:\/\/atelier-paradis.fr\/wp-content\/uploads\/2024\/05\/bureau-150x150.jpg 150w, https:\/\/atelier-paradis.fr\/wp-content\/uploads\/2024\/05\/bureau-768x768.jpg 768w, https:\/\/atelier-paradis.fr\/wp-content\/uploads\/2024\/05\/bureau-1536x1536.jpg 1536w, https:\/\/atelier-paradis.fr\/wp-content\/uploads\/2024\/05\/bureau-2048x2048.jpg 2048w\" sizes=\"(max-width: 1024px) 100vw, 1024px\" \/><\/figure>\n<\/div>\n\n\n\n<div class=\"wp-block-column is-layout-flow wp-block-column-is-layout-flow\" style=\"flex-basis:40%\">\n<h2 class=\"wp-block-heading\">Bureau iTeck <\/h2>\n\n\n\n<blockquote class=\"wp-block-quote is-layout-flow wp-block-quote-is-layout-flow\">\n<p>Parfait pour un coin bureau ou un usage intensif en home-office, ce meuble \u00e9l\u00e9gant s&rsquo;int\u00e8grera dans votre d\u00e9co.<\/p>\n<\/blockquote>\n\n\n\n<p>R\u00e9alisation en ch\u00eane et teck.<\/p>\n\n\n\n<p>Choix d&rsquo;une ligne \u00e9pur\u00e9e et sobre.<\/p>\n\n\n\n<p>Design original de l&rsquo;Atelier Paradis &#8211; 2023<\/p>\n\n\n\n<div class=\"wp-block-buttons is-layout-flex wp-block-buttons-is-layout-flex\">\n<div class=\"wp-block-button\"><a class=\"wp-block-button__link wp-element-button\" href=\"https:\/\/atelier-paradis.fr\/index.php\/contact\/\">Contactez-nous<\/a><\/div>\n<\/div>\n<\/div>\n<\/div>\n<\/div>\n<\/div>\n\n\n\n<div class=\"wp-block-group alignfull has-global-padding is-layout-constrained wp-block-group-is-layout-constrained\" style=\"margin-top:0;margin-bottom:0;padding-top:var(--wp--preset--spacing--50);padding-right:var(--wp--preset--spacing--50);padding-bottom:var(--wp--preset--spacing--50);padding-left:var(--wp--preset--spacing--50)\">\n<div class=\"wp-block-group is-vertical is-content-justification-center is-layout-flex wp-container-core-group-is-layout-11 wp-block-group-is-layout-flex\">\n<h2 class=\"wp-block-heading has-text-align-center has-xx-large-font-size\">L&rsquo;ATELIER PARADIS<\/h2>\n\n\n\n<p class=\"has-text-align-center\">Production artisanale et sur mesure.<\/p>\n<\/div>\n\n\n\n<div style=\"height:var(--wp--preset--spacing--30)\" aria-hidden=\"true\" class=\"wp-block-spacer\"><\/div>\n\n\n\n<div class=\"wp-block-columns alignwide is-layout-flex wp-container-core-columns-is-layout-6 wp-block-columns-is-layout-flex\" style=\"padding-right:0;padding-left:0\">\n<div class=\"wp-block-column is-layout-flow wp-block-column-is-layout-flow\">\n<figure class=\"wp-block-image size-full is-style-rounded\"><img loading=\"lazy\" decoding=\"async\" width=\"1080\" height=\"1620\" src=\"https:\/\/atelier-paradis.fr\/wp-content\/uploads\/2024\/05\/main-nb.jpeg\" alt=\"\" class=\"wp-image-49\" style=\"aspect-ratio:1;object-fit:cover\" srcset=\"https:\/\/atelier-paradis.fr\/wp-content\/uploads\/2024\/05\/main-nb.jpeg 1080w, https:\/\/atelier-paradis.fr\/wp-content\/uploads\/2024\/05\/main-nb-200x300.jpeg 200w, https:\/\/atelier-paradis.fr\/wp-content\/uploads\/2024\/05\/main-nb-683x1024.jpeg 683w, https:\/\/atelier-paradis.fr\/wp-content\/uploads\/2024\/05\/main-nb-768x1152.jpeg 768w, https:\/\/atelier-paradis.fr\/wp-content\/uploads\/2024\/05\/main-nb-1024x1536.jpeg 1024w\" sizes=\"(max-width: 1080px) 100vw, 1080px\" \/><\/figure>\n\n\n\n<div class=\"wp-block-group is-vertical is-content-justification-center is-nowrap is-layout-flex wp-container-core-group-is-layout-12 wp-block-group-is-layout-flex\">\n<p class=\"has-text-align-center has-small-font-size\"><\/p>\n<\/div>\n<\/div>\n\n\n\n<div class=\"wp-block-column is-layout-flow wp-block-column-is-layout-flow\">\n<figure class=\"wp-block-image size-full is-style-rounded\"><img loading=\"lazy\" decoding=\"async\" width=\"1080\" height=\"1620\" src=\"https:\/\/atelier-paradis.fr\/wp-content\/uploads\/2024\/05\/Radiale1-NB.jpeg\" alt=\"\" class=\"wp-image-55\" style=\"aspect-ratio:1;object-fit:cover\" srcset=\"https:\/\/atelier-paradis.fr\/wp-content\/uploads\/2024\/05\/Radiale1-NB.jpeg 1080w, https:\/\/atelier-paradis.fr\/wp-content\/uploads\/2024\/05\/Radiale1-NB-200x300.jpeg 200w, https:\/\/atelier-paradis.fr\/wp-content\/uploads\/2024\/05\/Radiale1-NB-683x1024.jpeg 683w, https:\/\/atelier-paradis.fr\/wp-content\/uploads\/2024\/05\/Radiale1-NB-768x1152.jpeg 768w, https:\/\/atelier-paradis.fr\/wp-content\/uploads\/2024\/05\/Radiale1-NB-1024x1536.jpeg 1024w\" sizes=\"(max-width: 1080px) 100vw, 1080px\" \/><\/figure>\n\n\n\n<div class=\"wp-block-group is-vertical is-content-justification-center is-nowrap is-layout-flex wp-container-core-group-is-layout-13 wp-block-group-is-layout-flex\">\n<p class=\"has-text-align-center has-small-font-size\"><\/p>\n<\/div>\n<\/div>\n\n\n\n<div class=\"wp-block-column is-layout-flow wp-block-column-is-layout-flow\">\n<figure class=\"wp-block-image size-full is-style-rounded\"><img loading=\"lazy\" decoding=\"async\" width=\"1080\" height=\"1620\" src=\"https:\/\/atelier-paradis.fr\/wp-content\/uploads\/2024\/05\/Perceuse-colonne2-NB.jpeg\" alt=\"\" class=\"wp-image-53\" style=\"aspect-ratio:1;object-fit:cover\" srcset=\"https:\/\/atelier-paradis.fr\/wp-content\/uploads\/2024\/05\/Perceuse-colonne2-NB.jpeg 1080w, https:\/\/atelier-paradis.fr\/wp-content\/uploads\/2024\/05\/Perceuse-colonne2-NB-200x300.jpeg 200w, https:\/\/atelier-paradis.fr\/wp-content\/uploads\/2024\/05\/Perceuse-colonne2-NB-683x1024.jpeg 683w, https:\/\/atelier-paradis.fr\/wp-content\/uploads\/2024\/05\/Perceuse-colonne2-NB-768x1152.jpeg 768w, https:\/\/atelier-paradis.fr\/wp-content\/uploads\/2024\/05\/Perceuse-colonne2-NB-1024x1536.jpeg 1024w\" sizes=\"(max-width: 1080px) 100vw, 1080px\" \/><\/figure>\n\n\n\n<div class=\"wp-block-group is-vertical is-content-justification-center is-nowrap is-layout-flex wp-container-core-group-is-layout-14 wp-block-group-is-layout-flex\">\n<p class=\"has-text-align-center has-small-font-size\"><\/p>\n<\/div>\n<\/div>\n\n\n\n<div class=\"wp-block-column is-layout-flow wp-block-column-is-layout-flow\">\n<figure class=\"wp-block-image size-full is-style-rounded\"><img loading=\"lazy\" decoding=\"async\" width=\"1080\" height=\"1620\" src=\"https:\/\/atelier-paradis.fr\/wp-content\/uploads\/2024\/05\/Perceuse-colonne-NB-e1716217349977.jpeg\" alt=\"\" class=\"wp-image-51\" style=\"aspect-ratio:1;object-fit:cover\" srcset=\"https:\/\/atelier-paradis.fr\/wp-content\/uploads\/2024\/05\/Perceuse-colonne-NB-e1716217349977.jpeg 1080w, https:\/\/atelier-paradis.fr\/wp-content\/uploads\/2024\/05\/Perceuse-colonne-NB-e1716217349977-200x300.jpeg 200w, https:\/\/atelier-paradis.fr\/wp-content\/uploads\/2024\/05\/Perceuse-colonne-NB-e1716217349977-683x1024.jpeg 683w, https:\/\/atelier-paradis.fr\/wp-content\/uploads\/2024\/05\/Perceuse-colonne-NB-e1716217349977-768x1152.jpeg 768w, https:\/\/atelier-paradis.fr\/wp-content\/uploads\/2024\/05\/Perceuse-colonne-NB-e1716217349977-1024x1536.jpeg 1024w\" sizes=\"(max-width: 1080px) 100vw, 1080px\" \/><\/figure>\n\n\n\n<div class=\"wp-block-group is-vertical is-content-justification-center is-nowrap is-layout-flex wp-container-core-group-is-layout-15 wp-block-group-is-layout-flex\">\n<p class=\"has-text-align-center has-small-font-size\">\u00a9 Celine Paradis<\/p>\n<\/div>\n<\/div>\n<\/div>\n\n\n\n<div class=\"wp-block-group alignfull has-base-color has-contrast-background-color has-text-color has-background has-link-color wp-elements-e9703c68f9a0135d9ec9604a21d88e5a has-global-padding is-layout-constrained wp-block-group-is-layout-constrained\" style=\"margin-top:0;margin-bottom:0;padding-top:var(--wp--preset--spacing--50);padding-right:var(--wp--preset--spacing--50);padding-bottom:var(--wp--preset--spacing--50);padding-left:var(--wp--preset--spacing--50)\"><\/div>\n<\/div>\n\n\n\n<figure class=\"wp-block-image\"><img loading=\"lazy\" decoding=\"async\" width=\"346\" height=\"117\" src=\"https:\/\/atelier-paradis.fr\/wp-content\/uploads\/2024\/11\/Atelier-Paradis-logo-noir-alpha.png\" alt=\"\" class=\"wp-image-153\" srcset=\"https:\/\/atelier-paradis.fr\/wp-content\/uploads\/2024\/11\/Atelier-Paradis-logo-noir-alpha.png 346w, https:\/\/atelier-paradis.fr\/wp-content\/uploads\/2024\/11\/Atelier-Paradis-logo-noir-alpha-300x101.png 300w\" sizes=\"(max-width: 346px) 100vw, 346px\" \/><\/figure>\n","protected":false},"excerpt":{"rendered":"<p>Upcycling Du 100% recyclage pour cette petite table de chevet. R\u00e9alisation en bois de palette Bois brut et couleur pop. Design original de l&rsquo;Atelier Paradis &#8211; 2024 Pose Pose de mobilier sur mesure l&rsquo;Atelier Paradis &#8211; 2024 Design Int\u00e9rieur &amp; Design Mobilier sur Lyon SYLUMINE Bureau iTeck Parfait pour un coin bureau ou un usage [&hellip;]<\/p>\n","protected":false},"author":2,"featured_media":153,"parent":0,"menu_order":0,"comment_status":"closed","ping_status":"closed","template":"","meta":{"_themeisle_gutenberg_block_has_review":false,"footnotes":""},"_links":{"self":[{"href":"https:\/\/atelier-paradis.fr\/index.php\/wp-json\/wp\/v2\/pages\/107"}],"collection":[{"href":"https:\/\/atelier-paradis.fr\/index.php\/wp-json\/wp\/v2\/pages"}],"about":[{"href":"https:\/\/atelier-paradis.fr\/index.php\/wp-json\/wp\/v2\/types\/page"}],"author":[{"embeddable":true,"href":"https:\/\/atelier-paradis.fr\/index.php\/wp-json\/wp\/v2\/users\/2"}],"replies":[{"embeddable":true,"href":"https:\/\/atelier-paradis.fr\/index.php\/wp-json\/wp\/v2\/comments?post=107"}],"version-history":[{"count":9,"href":"https:\/\/atelier-paradis.fr\/index.php\/wp-json\/wp\/v2\/pages\/107\/revisions"}],"predecessor-version":[{"id":158,"href":"https:\/\/atelier-paradis.fr\/index.php\/wp-json\/wp\/v2\/pages\/107\/revisions\/158"}],"wp:featuredmedia":[{"embeddable":true,"href":"https:\/\/atelier-paradis.fr\/index.php\/wp-json\/wp\/v2\/media\/153"}],"wp:attachment":[{"href":"https:\/\/atelier-paradis.fr\/index.php\/wp-json\/wp\/v2\/media?parent=107"}],"curies":[{"name":"wp","href":"https:\/\/api.w.org\/{rel}","templated":true}]}}