{"id":163,"date":"2024-11-30T15:47:10","date_gmt":"2024-11-30T15:47:10","guid":{"rendered":"https:\/\/atelier-paradis.fr\/?page_id=163"},"modified":"2024-11-30T15:49:10","modified_gmt":"2024-11-30T15:49:10","slug":"pose","status":"publish","type":"page","link":"https:\/\/atelier-paradis.fr\/index.php\/pose\/","title":{"rendered":"Pose"},"content":{"rendered":"\n<div class=\"wp-block-group alignfull has-accent-background-color has-background has-global-padding is-layout-constrained wp-block-group-is-layout-constrained\" style=\"margin-top:0;margin-bottom:0;padding-top:var(--wp--preset--spacing--50);padding-right:var(--wp--preset--spacing--50);padding-bottom:var(--wp--preset--spacing--50);padding-left:var(--wp--preset--spacing--50)\">\n<div class=\"wp-block-columns alignwide is-layout-flex wp-container-core-columns-is-layout-1 wp-block-columns-is-layout-flex\">\n<div class=\"wp-block-column is-vertically-aligned-stretch is-layout-flow wp-block-column-is-layout-flow\" style=\"flex-basis:50%\">\n<div class=\"wp-block-group is-vertical is-content-justification-stretch is-layout-flex wp-container-core-group-is-layout-2 wp-block-group-is-layout-flex\" style=\"min-height:100%\">\n<p class=\"has-heading-font-family has-x-large-font-size\" style=\"line-height:1.2\">Du projet au concret<\/p>\n\n\n\n<blockquote class=\"wp-block-quote is-layout-flow wp-block-quote-is-layout-flow\">\n<p>Mon m\u00e9tier consiste \u00e0 donner vie aux projets imagin\u00e9s par des architectes d&rsquo;int\u00e9rieur.<\/p>\n<\/blockquote>\n\n\n\n<p>Design Int\u00e9rieur &amp; Design Mobilier sur Lyon SYLUMINE<\/p>\n\n\n\n<p><\/p>\n\n\n\n<div class=\"wp-block-group has-global-padding is-content-justification-left is-layout-constrained wp-container-core-group-is-layout-1 wp-block-group-is-layout-constrained\"><\/div>\n<\/div>\n<\/div>\n\n\n\n<div class=\"wp-block-column is-vertically-aligned-center is-layout-flow wp-block-column-is-layout-flow\" style=\"flex-basis:50%\">\n<figure class=\"wp-block-image size-large is-resized\"><img loading=\"lazy\" decoding=\"async\" width=\"1024\" height=\"1024\" src=\"https:\/\/atelier-paradis.fr\/wp-content\/uploads\/2024\/06\/WhatsApp-Image-2024-06-24-a-19.24.34_4456b549-1024x1024.jpg\" alt=\"\" class=\"wp-image-144\" style=\"width:318px;height:auto\" srcset=\"https:\/\/atelier-paradis.fr\/wp-content\/uploads\/2024\/06\/WhatsApp-Image-2024-06-24-a-19.24.34_4456b549-1024x1024.jpg 1024w, https:\/\/atelier-paradis.fr\/wp-content\/uploads\/2024\/06\/WhatsApp-Image-2024-06-24-a-19.24.34_4456b549-300x300.jpg 300w, https:\/\/atelier-paradis.fr\/wp-content\/uploads\/2024\/06\/WhatsApp-Image-2024-06-24-a-19.24.34_4456b549-150x150.jpg 150w, https:\/\/atelier-paradis.fr\/wp-content\/uploads\/2024\/06\/WhatsApp-Image-2024-06-24-a-19.24.34_4456b549-768x768.jpg 768w, https:\/\/atelier-paradis.fr\/wp-content\/uploads\/2024\/06\/WhatsApp-Image-2024-06-24-a-19.24.34_4456b549-1536x1536.jpg 1536w, https:\/\/atelier-paradis.fr\/wp-content\/uploads\/2024\/06\/WhatsApp-Image-2024-06-24-a-19.24.34_4456b549.jpg 1600w\" sizes=\"(max-width: 1024px) 100vw, 1024px\" \/><\/figure>\n<\/div>\n<\/div>\n<\/div>\n\n\n\n<div class=\"wp-block-group alignfull has-accent-background-color has-background has-global-padding is-layout-constrained wp-block-group-is-layout-constrained\" style=\"margin-top:0;margin-bottom:0;padding-top:var(--wp--preset--spacing--50);padding-right:var(--wp--preset--spacing--50);padding-bottom:var(--wp--preset--spacing--50);padding-left:var(--wp--preset--spacing--50)\">\n<figure class=\"wp-block-image size-large\"><img loading=\"lazy\" decoding=\"async\" width=\"1024\" height=\"768\" src=\"https:\/\/atelier-paradis.fr\/wp-content\/uploads\/2024\/11\/WhatsApp-Image-2024-11-21-a-07.04.08_fdcd7c79-1024x768.jpg\" alt=\"\" class=\"wp-image-172\" srcset=\"https:\/\/atelier-paradis.fr\/wp-content\/uploads\/2024\/11\/WhatsApp-Image-2024-11-21-a-07.04.08_fdcd7c79-1024x768.jpg 1024w, https:\/\/atelier-paradis.fr\/wp-content\/uploads\/2024\/11\/WhatsApp-Image-2024-11-21-a-07.04.08_fdcd7c79-300x225.jpg 300w, https:\/\/atelier-paradis.fr\/wp-content\/uploads\/2024\/11\/WhatsApp-Image-2024-11-21-a-07.04.08_fdcd7c79-768x576.jpg 768w, https:\/\/atelier-paradis.fr\/wp-content\/uploads\/2024\/11\/WhatsApp-Image-2024-11-21-a-07.04.08_fdcd7c79-1536x1152.jpg 1536w, https:\/\/atelier-paradis.fr\/wp-content\/uploads\/2024\/11\/WhatsApp-Image-2024-11-21-a-07.04.08_fdcd7c79.jpg 1600w\" sizes=\"(max-width: 1024px) 100vw, 1024px\" \/><\/figure>\n\n\n\n<figure class=\"wp-block-image size-large\"><img loading=\"lazy\" decoding=\"async\" width=\"768\" height=\"1024\" src=\"https:\/\/atelier-paradis.fr\/wp-content\/uploads\/2024\/11\/WhatsApp-Image-2024-11-21-a-07.04.08_db35cf46-768x1024.jpg\" alt=\"\" class=\"wp-image-171\" srcset=\"https:\/\/atelier-paradis.fr\/wp-content\/uploads\/2024\/11\/WhatsApp-Image-2024-11-21-a-07.04.08_db35cf46-768x1024.jpg 768w, https:\/\/atelier-paradis.fr\/wp-content\/uploads\/2024\/11\/WhatsApp-Image-2024-11-21-a-07.04.08_db35cf46-225x300.jpg 225w, https:\/\/atelier-paradis.fr\/wp-content\/uploads\/2024\/11\/WhatsApp-Image-2024-11-21-a-07.04.08_db35cf46-1152x1536.jpg 1152w, https:\/\/atelier-paradis.fr\/wp-content\/uploads\/2024\/11\/WhatsApp-Image-2024-11-21-a-07.04.08_db35cf46.jpg 1200w\" sizes=\"(max-width: 768px) 100vw, 768px\" \/><\/figure>\n\n\n\n<figure class=\"wp-block-image size-large\"><img loading=\"lazy\" decoding=\"async\" width=\"1024\" height=\"597\" src=\"https:\/\/atelier-paradis.fr\/wp-content\/uploads\/2024\/11\/WhatsApp-Image-2024-11-21-a-14.50.49_f3c997bf-1-1024x597.jpg\" alt=\"\" class=\"wp-image-176\" srcset=\"https:\/\/atelier-paradis.fr\/wp-content\/uploads\/2024\/11\/WhatsApp-Image-2024-11-21-a-14.50.49_f3c997bf-1-1024x597.jpg 1024w, https:\/\/atelier-paradis.fr\/wp-content\/uploads\/2024\/11\/WhatsApp-Image-2024-11-21-a-14.50.49_f3c997bf-1-300x175.jpg 300w, https:\/\/atelier-paradis.fr\/wp-content\/uploads\/2024\/11\/WhatsApp-Image-2024-11-21-a-14.50.49_f3c997bf-1-768x448.jpg 768w, https:\/\/atelier-paradis.fr\/wp-content\/uploads\/2024\/11\/WhatsApp-Image-2024-11-21-a-14.50.49_f3c997bf-1-1536x895.jpg 1536w, https:\/\/atelier-paradis.fr\/wp-content\/uploads\/2024\/11\/WhatsApp-Image-2024-11-21-a-14.50.49_f3c997bf-1.jpg 1965w\" sizes=\"(max-width: 1024px) 100vw, 1024px\" \/><\/figure>\n\n\n\n<figure class=\"wp-block-image size-large\"><img loading=\"lazy\" decoding=\"async\" width=\"768\" height=\"1024\" src=\"https:\/\/atelier-paradis.fr\/wp-content\/uploads\/2024\/11\/WhatsApp-Image-2024-11-28-a-12.14.33_52da1289-768x1024.jpg\" alt=\"\" class=\"wp-image-168\" srcset=\"https:\/\/atelier-paradis.fr\/wp-content\/uploads\/2024\/11\/WhatsApp-Image-2024-11-28-a-12.14.33_52da1289-768x1024.jpg 768w, https:\/\/atelier-paradis.fr\/wp-content\/uploads\/2024\/11\/WhatsApp-Image-2024-11-28-a-12.14.33_52da1289-225x300.jpg 225w, https:\/\/atelier-paradis.fr\/wp-content\/uploads\/2024\/11\/WhatsApp-Image-2024-11-28-a-12.14.33_52da1289-1152x1536.jpg 1152w, https:\/\/atelier-paradis.fr\/wp-content\/uploads\/2024\/11\/WhatsApp-Image-2024-11-28-a-12.14.33_52da1289.jpg 1200w\" sizes=\"(max-width: 768px) 100vw, 768px\" \/><\/figure>\n\n\n\n<figure class=\"wp-block-image size-large\"><img loading=\"lazy\" decoding=\"async\" width=\"768\" height=\"1024\" src=\"https:\/\/atelier-paradis.fr\/wp-content\/uploads\/2024\/11\/WhatsApp-Image-2024-11-28-a-08.57.57_f77754e4-768x1024.jpg\" alt=\"\" class=\"wp-image-166\" srcset=\"https:\/\/atelier-paradis.fr\/wp-content\/uploads\/2024\/11\/WhatsApp-Image-2024-11-28-a-08.57.57_f77754e4-768x1024.jpg 768w, https:\/\/atelier-paradis.fr\/wp-content\/uploads\/2024\/11\/WhatsApp-Image-2024-11-28-a-08.57.57_f77754e4-225x300.jpg 225w, https:\/\/atelier-paradis.fr\/wp-content\/uploads\/2024\/11\/WhatsApp-Image-2024-11-28-a-08.57.57_f77754e4-1152x1536.jpg 1152w, https:\/\/atelier-paradis.fr\/wp-content\/uploads\/2024\/11\/WhatsApp-Image-2024-11-28-a-08.57.57_f77754e4.jpg 1200w\" sizes=\"(max-width: 768px) 100vw, 768px\" \/><\/figure>\n\n\n\n<figure class=\"wp-block-image size-large\"><img loading=\"lazy\" decoding=\"async\" width=\"1024\" height=\"768\" src=\"https:\/\/atelier-paradis.fr\/wp-content\/uploads\/2024\/11\/WhatsApp-Image-2024-11-28-a-08.58.40_805c3f98-1024x768.jpg\" alt=\"\" class=\"wp-image-177\" srcset=\"https:\/\/atelier-paradis.fr\/wp-content\/uploads\/2024\/11\/WhatsApp-Image-2024-11-28-a-08.58.40_805c3f98-1024x768.jpg 1024w, https:\/\/atelier-paradis.fr\/wp-content\/uploads\/2024\/11\/WhatsApp-Image-2024-11-28-a-08.58.40_805c3f98-300x225.jpg 300w, https:\/\/atelier-paradis.fr\/wp-content\/uploads\/2024\/11\/WhatsApp-Image-2024-11-28-a-08.58.40_805c3f98-768x576.jpg 768w, https:\/\/atelier-paradis.fr\/wp-content\/uploads\/2024\/11\/WhatsApp-Image-2024-11-28-a-08.58.40_805c3f98-1536x1152.jpg 1536w, https:\/\/atelier-paradis.fr\/wp-content\/uploads\/2024\/11\/WhatsApp-Image-2024-11-28-a-08.58.40_805c3f98.jpg 1600w\" sizes=\"(max-width: 1024px) 100vw, 1024px\" \/><\/figure>\n<\/div>\n","protected":false},"excerpt":{"rendered":"<p>Du projet au concret Mon m\u00e9tier consiste \u00e0 donner vie aux projets imagin\u00e9s par des architectes d&rsquo;int\u00e9rieur. Design Int\u00e9rieur &amp; Design Mobilier sur Lyon SYLUMINE<\/p>\n","protected":false},"author":2,"featured_media":0,"parent":0,"menu_order":0,"comment_status":"closed","ping_status":"closed","template":"","meta":{"_themeisle_gutenberg_block_has_review":false,"footnotes":""},"_links":{"self":[{"href":"https:\/\/atelier-paradis.fr\/index.php\/wp-json\/wp\/v2\/pages\/163"}],"collection":[{"href":"https:\/\/atelier-paradis.fr\/index.php\/wp-json\/wp\/v2\/pages"}],"about":[{"href":"https:\/\/atelier-paradis.fr\/index.php\/wp-json\/wp\/v2\/types\/page"}],"author":[{"embeddable":true,"href":"https:\/\/atelier-paradis.fr\/index.php\/wp-json\/wp\/v2\/users\/2"}],"replies":[{"embeddable":true,"href":"https:\/\/atelier-paradis.fr\/index.php\/wp-json\/wp\/v2\/comments?post=163"}],"version-history":[{"count":2,"href":"https:\/\/atelier-paradis.fr\/index.php\/wp-json\/wp\/v2\/pages\/163\/revisions"}],"predecessor-version":[{"id":178,"href":"https:\/\/atelier-paradis.fr\/index.php\/wp-json\/wp\/v2\/pages\/163\/revisions\/178"}],"wp:attachment":[{"href":"https:\/\/atelier-paradis.fr\/index.php\/wp-json\/wp\/v2\/media?parent=163"}],"curies":[{"name":"wp","href":"https:\/\/api.w.org\/{rel}","templated":true}]}}