{"id":6,"date":"2024-04-30T15:39:05","date_gmt":"2024-04-30T15:39:05","guid":{"rendered":"https:\/\/atelier-paradis.fr\/index.php\/page-de-maintenance\/"},"modified":"2024-11-30T14:57:13","modified_gmt":"2024-11-30T14:57:13","slug":"page-de-maintenance","status":"publish","type":"page","link":"https:\/\/atelier-paradis.fr\/","title":{"rendered":""},"content":{"rendered":"\n<figure class=\"wp-block-image\"><img loading=\"lazy\" decoding=\"async\" width=\"346\" height=\"117\" src=\"https:\/\/atelier-paradis.fr\/wp-content\/uploads\/2024\/11\/Atelier-Paradis-logo-noir-alpha.png\" alt=\"\" class=\"wp-image-153\" srcset=\"https:\/\/atelier-paradis.fr\/wp-content\/uploads\/2024\/11\/Atelier-Paradis-logo-noir-alpha.png 346w, https:\/\/atelier-paradis.fr\/wp-content\/uploads\/2024\/11\/Atelier-Paradis-logo-noir-alpha-300x101.png 300w\" sizes=\"(max-width: 346px) 100vw, 346px\" \/><\/figure>\n\n\n\n<hr class=\"wp-block-separator has-alpha-channel-opacity\"\/>\n\n\n\n<h2 class=\"wp-block-heading has-text-align-center\"> votre menuisier sur Lyon<\/h2>\n\n\n\n<div class=\"wp-block-group alignfull has-accent-background-color has-background has-global-padding is-layout-constrained wp-block-group-is-layout-constrained\" style=\"margin-top:0;margin-bottom:0;padding-top:var(--wp--preset--spacing--50);padding-right:var(--wp--preset--spacing--50);padding-bottom:var(--wp--preset--spacing--50);padding-left:var(--wp--preset--spacing--50)\">\n<div class=\"wp-block-columns alignwide is-layout-flex wp-container-core-columns-is-layout-1 wp-block-columns-is-layout-flex\">\n<div class=\"wp-block-column is-vertically-aligned-stretch is-layout-flow wp-block-column-is-layout-flow\" style=\"flex-basis:50%\">\n<div class=\"wp-block-group is-vertical is-content-justification-stretch is-layout-flex wp-container-core-group-is-layout-2 wp-block-group-is-layout-flex\" style=\"min-height:100%\">\n<p class=\"has-heading-font-family has-x-large-font-size\" style=\"line-height:1.2\">Menuisier agenceur, Baptiste Paradis con\u00e7oit, r\u00e9alise et pose vos am\u00e9nagements int\u00e9rieurs.<br><br>Il intervient \u00e0 Lyon et dans sa p\u00e9riph\u00e9rie.<\/p>\n\n\n\n<div class=\"wp-block-group has-global-padding is-content-justification-left is-layout-constrained wp-container-core-group-is-layout-1 wp-block-group-is-layout-constrained\">\n<p class=\"wp-container-content-1\">Imaginez votre futur mobilier. Il ne restera plus qu&rsquo;\u00e0 le cr\u00e9er.<\/p>\n\n\n\n<div class=\"wp-block-buttons is-layout-flex wp-block-buttons-is-layout-flex\">\n<div class=\"wp-block-button\"><a class=\"wp-block-button__link wp-element-button\" href=\"https:\/\/atelier-paradis.fr\/index.php\/contact\/\">Contactez-nous<\/a><\/div>\n<\/div>\n<\/div>\n<\/div>\n<\/div>\n\n\n\n<div class=\"wp-block-column is-vertically-aligned-center is-layout-flow wp-block-column-is-layout-flow\" style=\"flex-basis:50%\">\n<figure class=\"wp-block-gallery has-nested-images columns-default is-cropped wp-block-gallery-2 is-layout-flex wp-block-gallery-is-layout-flex\">\n<figure class=\"wp-block-image size-large\"><img loading=\"lazy\" decoding=\"async\" width=\"683\" height=\"1024\" src=\"https:\/\/atelier-paradis.fr\/wp-content\/uploads\/2024\/05\/Sous-table-NB-683x1024.jpeg\" alt=\"\" class=\"wp-image-45\" srcset=\"https:\/\/atelier-paradis.fr\/wp-content\/uploads\/2024\/05\/Sous-table-NB-683x1024.jpeg 683w, https:\/\/atelier-paradis.fr\/wp-content\/uploads\/2024\/05\/Sous-table-NB-200x300.jpeg 200w, https:\/\/atelier-paradis.fr\/wp-content\/uploads\/2024\/05\/Sous-table-NB-768x1152.jpeg 768w, https:\/\/atelier-paradis.fr\/wp-content\/uploads\/2024\/05\/Sous-table-NB-1024x1536.jpeg 1024w, https:\/\/atelier-paradis.fr\/wp-content\/uploads\/2024\/05\/Sous-table-NB.jpeg 1080w\" sizes=\"(max-width: 683px) 100vw, 683px\" \/><\/figure>\n<\/figure>\n<\/div>\n<\/div>\n<\/div>\n\n\n\n<div class=\"wp-block-group alignfull has-base-background-color has-background has-global-padding is-layout-constrained wp-block-group-is-layout-constrained\" style=\"margin-top:0;margin-bottom:0;padding-top:var(--wp--preset--spacing--50);padding-right:var(--wp--preset--spacing--50);padding-bottom:var(--wp--preset--spacing--50);padding-left:var(--wp--preset--spacing--50)\">\n<div class=\"wp-block-columns alignwide is-layout-flex wp-container-core-columns-is-layout-3 wp-block-columns-is-layout-flex\">\n<div class=\"wp-block-column has-global-padding is-content-justification-left is-layout-constrained wp-container-core-column-is-layout-3 wp-block-column-is-layout-constrained\" style=\"flex-basis:40%\">\n<p><\/p>\n<\/div>\n\n\n\n<div class=\"wp-block-column is-layout-flow wp-container-core-column-is-layout-6 wp-block-column-is-layout-flow\" style=\"flex-basis:60%\">\n<p class=\"has-heading-font-family has-x-large-font-size\" style=\"line-height:1.2\">D\u00e9couvrez nos derni\u00e8res cr\u00e9ations<\/p>\n\n\n\n<div class=\"wp-block-columns is-layout-flex wp-container-core-columns-is-layout-2 wp-block-columns-is-layout-flex\">\n<div class=\"wp-block-column is-layout-flow wp-block-column-is-layout-flow\">\n<p class=\"wp-container-content-3\">Essences nobles ou upcycling, toutes vos envies peuvent s&rsquo;exprimer.<\/p>\n<\/div>\n\n\n\n<div class=\"wp-block-column is-layout-flow wp-block-column-is-layout-flow\">\n<p>Nous vous pr\u00e9sentons les derni\u00e8res r\u00e9alisations de l&rsquo;Atelier Paradis. <\/p>\n<\/div>\n<\/div>\n<\/div>\n<\/div>\n<\/div>\n\n\n\n<div class=\"wp-block-group alignfull has-accent-5-background-color has-background has-global-padding is-layout-constrained wp-block-group-is-layout-constrained\" style=\"margin-top:0;margin-bottom:0;padding-top:var(--wp--preset--spacing--50);padding-right:var(--wp--preset--spacing--50);padding-bottom:var(--wp--preset--spacing--50);padding-left:var(--wp--preset--spacing--50)\">\n<div class=\"wp-block-columns alignwide is-layout-flex wp-container-core-columns-is-layout-4 wp-block-columns-is-layout-flex\">\n<div class=\"wp-block-column is-vertically-aligned-center is-layout-flow wp-block-column-is-layout-flow\" style=\"flex-basis:60%\">\n<figure class=\"wp-block-image size-large\"><img loading=\"lazy\" decoding=\"async\" width=\"768\" height=\"1024\" src=\"https:\/\/atelier-paradis.fr\/wp-content\/uploads\/2024\/05\/buron-768x1024.jpg\" alt=\"\" class=\"wp-image-97\" srcset=\"https:\/\/atelier-paradis.fr\/wp-content\/uploads\/2024\/05\/buron-768x1024.jpg 768w, https:\/\/atelier-paradis.fr\/wp-content\/uploads\/2024\/05\/buron-225x300.jpg 225w, https:\/\/atelier-paradis.fr\/wp-content\/uploads\/2024\/05\/buron-1152x1536.jpg 1152w, https:\/\/atelier-paradis.fr\/wp-content\/uploads\/2024\/05\/buron-1536x2048.jpg 1536w, https:\/\/atelier-paradis.fr\/wp-content\/uploads\/2024\/05\/buron-scaled.jpg 1920w\" sizes=\"(max-width: 768px) 100vw, 768px\" \/><\/figure>\n<\/div>\n\n\n\n<div class=\"wp-block-column is-layout-flow wp-block-column-is-layout-flow\" style=\"flex-basis:40%\">\n<h2 class=\"wp-block-heading\">Bureau iTeck <\/h2>\n\n\n\n<blockquote class=\"wp-block-quote is-layout-flow wp-block-quote-is-layout-flow\">\n<p>Parfait pour un coin bureau ou un usage intensif en home office, ce meuble \u00e9l\u00e9gant s&rsquo;int\u00e8grera dans votre d\u00e9co.<\/p>\n<\/blockquote>\n\n\n\n<p>R\u00e9alisation en ch\u00eane et teck.<\/p>\n\n\n\n<p>Choix d&rsquo;une ligne \u00e9pur\u00e9e et sobre.<\/p>\n\n\n\n<p>Design original de l&rsquo;Atelier Paradis &#8211; 2023<\/p>\n\n\n\n<div class=\"wp-block-buttons is-layout-flex wp-block-buttons-is-layout-flex\">\n<div class=\"wp-block-button\"><a class=\"wp-block-button__link wp-element-button\" href=\"https:\/\/atelier-paradis.fr\/index.php\/nos-creations\/\">R\u00e9alisations<\/a><\/div>\n<\/div>\n<\/div>\n<\/div>\n<\/div>\n\n\n\n<p><\/p>\n\n\n\n<p><\/p>\n\n\n\n<div class=\"wp-block-group alignfull has-base-color has-contrast-background-color has-text-color has-background has-link-color wp-elements-e9703c68f9a0135d9ec9604a21d88e5a has-global-padding is-layout-constrained wp-block-group-is-layout-constrained\" style=\"margin-top:0;margin-bottom:0;padding-top:var(--wp--preset--spacing--50);padding-right:var(--wp--preset--spacing--50);padding-bottom:var(--wp--preset--spacing--50);padding-left:var(--wp--preset--spacing--50)\"><\/div>\n\n\n\n<figure class=\"wp-block-image\"><img loading=\"lazy\" decoding=\"async\" width=\"346\" height=\"117\" src=\"https:\/\/atelier-paradis.fr\/wp-content\/uploads\/2024\/11\/Atelier-Paradis-logo-noir-alpha.png\" alt=\"\" class=\"wp-image-153\" srcset=\"https:\/\/atelier-paradis.fr\/wp-content\/uploads\/2024\/11\/Atelier-Paradis-logo-noir-alpha.png 346w, https:\/\/atelier-paradis.fr\/wp-content\/uploads\/2024\/11\/Atelier-Paradis-logo-noir-alpha-300x101.png 300w\" sizes=\"(max-width: 346px) 100vw, 346px\" \/><\/figure>\n","protected":false},"excerpt":{"rendered":"<p>votre menuisier sur Lyon Menuisier agenceur, Baptiste Paradis con\u00e7oit, r\u00e9alise et pose vos am\u00e9nagements int\u00e9rieurs. Il intervient \u00e0 Lyon et dans sa p\u00e9riph\u00e9rie. Imaginez votre futur mobilier. Il ne restera plus qu&rsquo;\u00e0 le cr\u00e9er. D\u00e9couvrez nos derni\u00e8res cr\u00e9ations Essences nobles ou upcycling, toutes vos envies peuvent s&rsquo;exprimer. Nous vous pr\u00e9sentons les derni\u00e8res r\u00e9alisations de l&rsquo;Atelier [&hellip;]<\/p>\n","protected":false},"author":1,"featured_media":0,"parent":0,"menu_order":0,"comment_status":"closed","ping_status":"closed","template":"templates\/wpmm-page-template.php","meta":{"_themeisle_gutenberg_block_has_review":false,"footnotes":""},"_links":{"self":[{"href":"https:\/\/atelier-paradis.fr\/index.php\/wp-json\/wp\/v2\/pages\/6"}],"collection":[{"href":"https:\/\/atelier-paradis.fr\/index.php\/wp-json\/wp\/v2\/pages"}],"about":[{"href":"https:\/\/atelier-paradis.fr\/index.php\/wp-json\/wp\/v2\/types\/page"}],"author":[{"embeddable":true,"href":"https:\/\/atelier-paradis.fr\/index.php\/wp-json\/wp\/v2\/users\/1"}],"replies":[{"embeddable":true,"href":"https:\/\/atelier-paradis.fr\/index.php\/wp-json\/wp\/v2\/comments?post=6"}],"version-history":[{"count":35,"href":"https:\/\/atelier-paradis.fr\/index.php\/wp-json\/wp\/v2\/pages\/6\/revisions"}],"predecessor-version":[{"id":157,"href":"https:\/\/atelier-paradis.fr\/index.php\/wp-json\/wp\/v2\/pages\/6\/revisions\/157"}],"wp:attachment":[{"href":"https:\/\/atelier-paradis.fr\/index.php\/wp-json\/wp\/v2\/media?parent=6"}],"curies":[{"name":"wp","href":"https:\/\/api.w.org\/{rel}","templated":true}]}}